{"id":24,"date":"2025-12-09T02:45:02","date_gmt":"2025-12-09T02:45:02","guid":{"rendered":"https:\/\/lib.tbdtvsvc.edu.vn\/?page_id=24"},"modified":"2025-12-09T03:26:10","modified_gmt":"2025-12-09T03:26:10","slug":"gioi-thieu","status":"publish","type":"page","link":"https:\/\/lib.tbdtvsvc.edu.vn\/index.php\/gioi-thieu\/","title":{"rendered":"Gi\u1edbi thi\u1ec7u"},"content":{"rendered":"\n<h3 class=\"wp-block-heading has-medium-font-size\"><strong>TH\u01af VI\u1ec6N TR\u01af\u1edcNG CAO \u0110\u1eb2NG NGH\u1ec0 VI\u1ec6T NAM \u2013 SINGAPORE: KH\u01a0I NGU\u1ed2N TRI TH\u1ee8C \u2013 V\u1eeeNG B\u01af\u1edaC T\u01af\u01a0NG LAI<\/strong><\/h3>\n\n\n\n<p style=\"font-size:16px\">L\u00e0 m\u1ed9t ph\u1ea7n kh\u00f4ng th\u1ec3 thi\u1ebfu trong h\u1ec7 th\u1ed1ng \u0111\u00e0o t\u1ea1o ch\u1ea5t l\u01b0\u1ee3ng cao, <strong>Th\u01b0 vi\u1ec7n Tr\u01b0\u1eddng Cao \u0111\u1eb3ng ngh\u1ec1 Vi\u1ec7t Nam \u2013 Singapore (VSVC)<\/strong> kh\u00f4ng ch\u1ec9 l\u00e0 n\u01a1i l\u01b0u tr\u1eef s\u00e1ch m\u00e0 c\u00f2n l\u00e0 kh\u00f4ng gian v\u0103n h\u00f3a, h\u1ecdc thu\u1eadt n\u0103ng \u0111\u1ed9ng, ph\u1ee5c v\u1ee5 \u0111\u1eafc l\u1ef1c cho nhu c\u1ea7u nghi\u00ean c\u1ee9u, gi\u1ea3ng d\u1ea1y v\u00e0 h\u1ecdc t\u1eadp c\u1ee7a c\u00e1n b\u1ed9, gi\u1ea3ng vi\u00ean v\u00e0 sinh vi\u00ean to\u00e0n tr\u01b0\u1eddng.<\/p>\n\n\n\n<h4 class=\"wp-block-heading\" style=\"font-size:16px\"><strong>1. Kh\u00f4ng gian h\u1ecdc t\u1eadp hi\u1ec7n \u0111\u1ea1i, th\u00e2n thi\u1ec7n<\/strong><\/h4>\n\n\n\n<p style=\"font-size:16px\">Th\u01b0 vi\u1ec7n \u0111\u01b0\u1ee3c thi\u1ebft k\u1ebf theo h\u01b0\u1edbng m\u1edf, ch\u00fa tr\u1ecdng s\u1ef1 y\u00ean t\u0129nh v\u00e0 tho\u00e1ng \u0111\u00e3ng, t\u1ea1o c\u1ea3m h\u1ee9ng t\u1ed1i \u0111a cho ng\u01b0\u1eddi h\u1ecdc. H\u1ec7 th\u1ed1ng chi\u1ebfu s\u00e1ng, \u0111i\u1ec1u h\u00f2a v\u00e0 n\u1ed9i th\u1ea5t \u0111\u01b0\u1ee3c trang b\u1ecb \u0111\u1ed3ng b\u1ed9, \u0111\u1ea3m b\u1ea3o m\u00f4i tr\u01b0\u1eddng tho\u1ea3i m\u00e1i nh\u1ea5t \u0111\u1ec3 sinh vi\u00ean t\u1eadp trung \u00f4n luy\u1ec7n ki\u1ebfn th\u1ee9c v\u00e0 ph\u00e1t tri\u1ec3n t\u01b0 duy.<\/p>\n\n\n\n<h4 class=\"wp-block-heading\" style=\"font-size:16px\"><strong>2. Kho t\u00e0i nguy\u00ean phong ph\u00fa v\u00e0 chuy\u00ean s\u00e2u<\/strong><\/h4>\n\n\n\n<p style=\"font-size:16px\">V\u1edbi s\u1ee9 m\u1ec7nh \u0111\u00e0o t\u1ea1o ngu\u1ed3n nh\u00e2n l\u1ef1c k\u1ef9 thu\u1eadt cao, ngu\u1ed3n t\u00e0i li\u1ec7u t\u1ea1i th\u01b0 vi\u1ec7n \u0111\u01b0\u1ee3c ch\u1ecdn l\u1ecdc k\u1ef9 l\u01b0\u1ee1ng, b\u00e1m s\u00e1t ch\u01b0\u01a1ng tr\u00ecnh \u0111\u00e0o t\u1ea1o th\u1ef1c t\u1ebf:<\/p>\n\n\n\n<ul class=\"wp-block-list\">\n<li style=\"font-size:16px\"><strong>Gi\u00e1o tr\u00ecnh chuy\u00ean ng\u00e0nh:<\/strong> H\u1ec7 th\u1ed1ng s\u00e1ch gi\u00e1o khoa, t\u00e0i li\u1ec7u tham kh\u1ea3o chuy\u00ean s\u00e2u v\u1ec1 c\u00e1c l\u0129nh v\u1ef1c m\u0169i nh\u1ecdn c\u1ee7a tr\u01b0\u1eddng nh\u01b0: C\u01a1 kh\u00ed, \u0110i\u1ec7n \u2013 \u0110i\u1ec7n t\u1eed, C\u01a1 \u0111i\u1ec7n t\u1eed, C\u00f4ng ngh\u1ec7 th\u00f4ng tin, B\u1ea3o tr\u00ec c\u00f4ng nghi\u1ec7p&#8230;<\/li>\n\n\n\n<li style=\"font-size:16px\"><strong>T\u00e0i li\u1ec7u ngo\u1ea1i v\u0103n:<\/strong> C\u00e1c t\u1ea1p ch\u00ed, s\u00e1ch k\u1ef9 thu\u1eadt ti\u1ebfng Anh gi\u00fap sinh vi\u00ean ti\u1ebfp c\u1eadn v\u1edbi tri th\u1ee9c c\u1eadp nh\u1eadt c\u1ee7a th\u1ebf gi\u1edbi, \u0111\u00fang v\u1edbi tinh th\u1ea7n h\u1ee3p t\u00e1c qu\u1ed1c t\u1ebf Vi\u1ec7t Nam \u2013 Singapore.<\/li>\n\n\n\n<li style=\"font-size:16px\"><strong>K\u1ef9 n\u0103ng m\u1ec1m:<\/strong> C\u00e1c \u0111\u1ea7u s\u00e1ch v\u1ec1 k\u1ef9 n\u0103ng giao ti\u1ebfp, l\u00e0m vi\u1ec7c nh\u00f3m, t\u01b0 duy s\u00e1ng t\u1ea1o, gi\u00fap sinh vi\u00ean ph\u00e1t tri\u1ec3n to\u00e0n di\u1ec7n.<\/li>\n<\/ul>\n\n\n\n<h4 class=\"wp-block-heading\" style=\"font-size:16px\"><strong>3. Ti\u1ec7n \u00edch v\u00e0 C\u00f4ng ngh\u1ec7<\/strong><\/h4>\n\n\n\n<p style=\"font-size:16px\">B\u1eaft k\u1ecbp xu h\u01b0\u1edbng chuy\u1ec3n \u0111\u1ed5i s\u1ed1, th\u01b0 vi\u1ec7n VSVC cung c\u1ea5p c\u00e1c d\u1ecbch v\u1ee5 h\u1ed7 tr\u1ee3 t\u1ed1i \u01b0u:<\/p>\n\n\n\n<ul class=\"wp-block-list\">\n<li style=\"font-size:16px\"><strong>H\u1ec7 th\u1ed1ng m\u00e1y t\u00ednh k\u1ebft n\u1ed1i Internet t\u1ed1c \u0111\u1ed9 cao:<\/strong> Ph\u1ee5c v\u1ee5 nhu c\u1ea7u tra c\u1ee9u th\u00f4ng tin, h\u1ecdc tr\u1ef1c tuy\u1ebfn v\u00e0 l\u00e0m b\u00e0i t\u1eadp nh\u00f3m.<\/li>\n\n\n\n<li style=\"font-size:16px\"><strong>Khu v\u1ef1c t\u1ef1 h\u1ecdc v\u00e0 th\u1ea3o lu\u1eadn nh\u00f3m:<\/strong> \u0110\u01b0\u1ee3c b\u1ed1 tr\u00ed khoa h\u1ecdc, gi\u00fap sinh vi\u00ean d\u1ec5 d\u00e0ng trao \u0111\u1ed5i ki\u1ebfn th\u1ee9c m\u00e0 kh\u00f4ng \u1ea3nh h\u01b0\u1edfng \u0111\u1ebfn kh\u00f4ng gian chung.<\/li>\n<\/ul>\n\n\n\n<h4 class=\"wp-block-heading\" style=\"font-size:16px\"><strong>4. \u0110\u1ed3ng h\u00e0nh c\u00f9ng \u01b0\u1edbc m\u01a1 ngh\u1ec1 nghi\u1ec7p<\/strong><\/h4>\n\n\n\n<p style=\"font-size:16px\">Th\u01b0 vi\u1ec7n Tr\u01b0\u1eddng Cao \u0111\u1eb3ng ngh\u1ec1 Vi\u1ec7t Nam \u2013 Singapore cam k\u1ebft l\u00e0 ng\u01b0\u1eddi b\u1ea1n \u0111\u1ed3ng h\u00e0nh tin c\u1eady, cung c\u1ea5p n\u1ec1n t\u1ea3ng ki\u1ebfn th\u1ee9c v\u1eefng ch\u1eafc \u0111\u1ec3 m\u1ed7i sinh vi\u00ean kh\u00f4ng ch\u1ec9 gi\u1ecfi tay ngh\u1ec1 m\u00e0 c\u00f2n s\u00e2u s\u1eafc v\u1ec1 l\u00fd thuy\u1ebft, s\u1eb5n s\u00e0ng \u0111\u00e1p \u1ee9ng nh\u1eefng y\u00eau c\u1ea7u kh\u1eaft khe nh\u1ea5t c\u1ee7a c\u00e1c doanh nghi\u1ec7p trong v\u00e0 ngo\u00e0i n\u01b0\u1edbc.<\/p>\n","protected":false},"excerpt":{"rendered":"<p>TH\u01af VI\u1ec6N TR\u01af\u1edcNG CAO \u0110\u1eb2NG NGH\u1ec0 VI\u1ec6T NAM \u2013 SINGAPORE: KH\u01a0I NGU\u1ed2N TRI TH\u1ee8C \u2013 V\u1eeeNG B\u01af\u1edaC T\u01af\u01a0NG LAI L\u00e0 m\u1ed9t ph\u1ea7n kh\u00f4ng th\u1ec3 thi\u1ebfu trong h\u1ec7 th\u1ed1ng \u0111\u00e0o t\u1ea1o ch\u1ea5t l\u01b0\u1ee3ng cao, Th\u01b0 vi\u1ec7n Tr\u01b0\u1eddng Cao \u0111\u1eb3ng ngh\u1ec1 Vi\u1ec7t Nam \u2013 Singapore (VSVC) kh\u00f4ng ch\u1ec9 l\u00e0 n\u01a1i l\u01b0u tr\u1eef s\u00e1ch m\u00e0 c\u00f2n l\u00e0 kh\u00f4ng [&hellip;]<\/p>\n","protected":false},"author":1,"featured_media":0,"parent":0,"menu_order":0,"comment_status":"closed","ping_status":"closed","template":"","meta":{"footnotes":""},"class_list":["post-24","page","type-page","status-publish","hentry"],"_links":{"self":[{"href":"https:\/\/lib.tbdtvsvc.edu.vn\/index.php\/wp-json\/wp\/v2\/pages\/24","targetHints":{"allow":["GET"]}}],"collection":[{"href":"https:\/\/lib.tbdtvsvc.edu.vn\/index.php\/wp-json\/wp\/v2\/pages"}],"about":[{"href":"https:\/\/lib.tbdtvsvc.edu.vn\/index.php\/wp-json\/wp\/v2\/types\/page"}],"author":[{"embeddable":true,"href":"https:\/\/lib.tbdtvsvc.edu.vn\/index.php\/wp-json\/wp\/v2\/users\/1"}],"replies":[{"embeddable":true,"href":"https:\/\/lib.tbdtvsvc.edu.vn\/index.php\/wp-json\/wp\/v2\/comments?post=24"}],"version-history":[{"count":5,"href":"https:\/\/lib.tbdtvsvc.edu.vn\/index.php\/wp-json\/wp\/v2\/pages\/24\/revisions"}],"predecessor-version":[{"id":63,"href":"https:\/\/lib.tbdtvsvc.edu.vn\/index.php\/wp-json\/wp\/v2\/pages\/24\/revisions\/63"}],"wp:attachment":[{"href":"https:\/\/lib.tbdtvsvc.edu.vn\/index.php\/wp-json\/wp\/v2\/media?parent=24"}],"curies":[{"name":"wp","href":"https:\/\/api.w.org\/{rel}","templated":true}]}}